{"id":69,"date":"2017-07-26T11:32:35","date_gmt":"2017-07-26T09:32:35","guid":{"rendered":"http:\/\/localhost:8080\/?page_id=69"},"modified":"2022-08-22T09:46:45","modified_gmt":"2022-08-22T07:46:45","slug":"galeria","status":"publish","type":"page","link":"http:\/\/kutasikossuthvt.hu\/de\/galeria\/","title":{"rendered":"Galerie"},"content":{"rendered":"<p><\/p>\n<h3>24. April 2022 (Deutscher Jagdgast erlegte ein 591 Gramm rekord Rehbock)<\/h3>\n<!-- index.php -->\n<div\n\tclass=\"ngg-galleryoverview ngg-ajax-pagination-none\"\n\tid=\"ngg-gallery-09da5b8a60a1d6c33eea4161d8f2183a-1\">\n\n    \t<div class=\"slideshowlink\">\n        <a href='http:\/\/kutasikossuthvt.hu\/de\/galeria\/nggallery\/slideshow'>[Diavet\u00edt\u00e9s ind\u00edt\u00e1sa]<\/a>\n\t\t\n\t<\/div>\n\t\t\t<!-- Thumbnails -->\n\t\t\t\t<div id=\"ngg-image-0\" class=\"ngg-gallery-thumbnail-box\" >\n\t\t\t\t        <div class=\"ngg-gallery-thumbnail\">\n            <a href=\"http:\/\/kutasikossuthvt.hu\/wp-content\/gallery\/20220424-rekord-bak\/IMG_3128.jpg\"\n               title=\"\"\n               data-src=\"http:\/\/kutasikossuthvt.hu\/wp-content\/gallery\/20220424-rekord-bak\/IMG_3128.jpg\"\n               data-thumbnail=\"http:\/\/kutasikossuthvt.hu\/wp-content\/gallery\/20220424-rekord-bak\/thumbs\/thumbs_IMG_3128.jpg\"\n               data-image-id=\"83\"\n               data-title=\"IMG_3128\"\n               data-description=\"\"\n               data-image-slug=\"img_3128\"\n               class=\"ngg-fancybox\" rel=\"09da5b8a60a1d6c33eea4161d8f2183a\">\n                <img\n                    title=\"IMG_3128\"\n                    alt=\"IMG_3128\"\n                    src=\"http:\/\/kutasikossuthvt.hu\/wp-content\/gallery\/20220424-rekord-bak\/thumbs\/thumbs_IMG_3128.jpg\"\n                    width=\"240\"\n                    height=\"160\"\n                    style=\"max-width:100%;\"\n                \/>\n            <\/a>\n        <\/div>\n\t\t\t\t\t\t\t<\/div> \n\t\t\t\n        \n\t\t\n\t\t<!-- Pagination -->\n\t<div class='ngg-clear'><\/div>\t<\/div>\n\n<h3>8. September 2021 (Cs\u00e1kszeg, Segesd)<\/h3>\n<!-- index.php -->\n<div\n\tclass=\"ngg-galleryoverview ngg-ajax-pagination-none\"\n\tid=\"ngg-gallery-967d035a224a211c5534aa6a74bc98a0-1\">\n\n    \t<div class=\"slideshowlink\">\n        <a href='http:\/\/kutasikossuthvt.hu\/de\/galeria\/nggallery\/slideshow'>[Diavet\u00edt\u00e9s ind\u00edt\u00e1sa]<\/a>\n\t\t\n\t<\/div>\n\t\t\t<!-- Thumbnails -->\n\t\t\t\t<div id=\"ngg-image-0\" class=\"ngg-gallery-thumbnail-box\" >\n\t\t\t\t        <div class=\"ngg-gallery-thumbnail\">\n            <a href=\"http:\/\/kutasikossuthvt.hu\/wp-content\/gallery\/2021-szeptember-8-segesd-csakszeg\/IMG_2489.jpg\"\n               title=\"\"\n               data-src=\"http:\/\/kutasikossuthvt.hu\/wp-content\/gallery\/2021-szeptember-8-segesd-csakszeg\/IMG_2489.jpg\"\n               data-thumbnail=\"http:\/\/kutasikossuthvt.hu\/wp-content\/gallery\/2021-szeptember-8-segesd-csakszeg\/thumbs\/thumbs_IMG_2489.jpg\"\n               data-image-id=\"82\"\n               data-title=\"IMG_2489\"\n               data-description=\"\"\n               data-image-slug=\"img_2489\"\n               class=\"ngg-fancybox\" rel=\"967d035a224a211c5534aa6a74bc98a0\">\n                <img\n                    title=\"IMG_2489\"\n                    alt=\"IMG_2489\"\n                    src=\"http:\/\/kutasikossuthvt.hu\/wp-content\/gallery\/2021-szeptember-8-segesd-csakszeg\/thumbs\/thumbs_IMG_2489.jpg\"\n                    width=\"240\"\n                    height=\"160\"\n                    style=\"max-width:100%;\"\n                \/>\n            <\/a>\n        <\/div>\n\t\t\t\t\t\t\t<\/div> \n\t\t\t\n        \n\t\t\n\t\t<!-- Pagination -->\n\t<div class='ngg-clear'><\/div>\t<\/div>\n\n<h3>Neu gebauter Zaun und Ziertor<\/h3>\n<!-- index.php -->\n<div\n\tclass=\"ngg-galleryoverview ngg-ajax-pagination-none\"\n\tid=\"ngg-gallery-d2c8756edb7de57e12f81c996863f657-1\">\n\n    \t<div class=\"slideshowlink\">\n        <a href='http:\/\/kutasikossuthvt.hu\/de\/galeria\/nggallery\/slideshow'>[Diavet\u00edt\u00e9s ind\u00edt\u00e1sa]<\/a>\n\t\t\n\t<\/div>\n\t\t\t<!-- Thumbnails -->\n\t\t\t\t<div id=\"ngg-image-0\" class=\"ngg-gallery-thumbnail-box\" >\n\t\t\t\t        <div class=\"ngg-gallery-thumbnail\">\n            <a href=\"http:\/\/kutasikossuthvt.hu\/wp-content\/gallery\/2020-kerites-1\/IMG_0754.JPG\"\n               title=\"\"\n               data-src=\"http:\/\/kutasikossuthvt.hu\/wp-content\/gallery\/2020-kerites-1\/IMG_0754.JPG\"\n               data-thumbnail=\"http:\/\/kutasikossuthvt.hu\/wp-content\/gallery\/2020-kerites-1\/thumbs\/thumbs_IMG_0754.JPG\"\n               data-image-id=\"69\"\n               data-title=\"IMG_0754\"\n               data-description=\"\"\n               data-image-slug=\"img_0754-2\"\n               class=\"ngg-fancybox\" rel=\"d2c8756edb7de57e12f81c996863f657\">\n                <img\n                    title=\"IMG_0754\"\n                    alt=\"IMG_0754\"\n                    src=\"http:\/\/kutasikossuthvt.hu\/wp-content\/gallery\/2020-kerites-1\/thumbs\/thumbs_IMG_0754.JPG\"\n                    width=\"240\"\n                    height=\"160\"\n                    style=\"max-width:100%;\"\n                \/>\n            <\/a>\n        <\/div>\n\t\t\t\t\t\t\t<\/div> \n\t\t\t\n        \n\t\t\t\t<div id=\"ngg-image-1\" class=\"ngg-gallery-thumbnail-box\" >\n\t\t\t\t        <div class=\"ngg-gallery-thumbnail\">\n            <a href=\"http:\/\/kutasikossuthvt.hu\/wp-content\/gallery\/2020-kerites-1\/IMG_0755.JPG\"\n               title=\"\"\n               data-src=\"http:\/\/kutasikossuthvt.hu\/wp-content\/gallery\/2020-kerites-1\/IMG_0755.JPG\"\n               data-thumbnail=\"http:\/\/kutasikossuthvt.hu\/wp-content\/gallery\/2020-kerites-1\/thumbs\/thumbs_IMG_0755.JPG\"\n               data-image-id=\"71\"\n               data-title=\"IMG_0755\"\n               data-description=\"\"\n               data-image-slug=\"img_0755-2\"\n               class=\"ngg-fancybox\" rel=\"d2c8756edb7de57e12f81c996863f657\">\n                <img\n                    title=\"IMG_0755\"\n                    alt=\"IMG_0755\"\n                    src=\"http:\/\/kutasikossuthvt.hu\/wp-content\/gallery\/2020-kerites-1\/thumbs\/thumbs_IMG_0755.JPG\"\n                    width=\"240\"\n                    height=\"160\"\n                    style=\"max-width:100%;\"\n                \/>\n            <\/a>\n        <\/div>\n\t\t\t\t\t\t\t<\/div> \n\t\t\t\n        \n\t\t\t\t<div id=\"ngg-image-2\" class=\"ngg-gallery-thumbnail-box\" >\n\t\t\t\t        <div class=\"ngg-gallery-thumbnail\">\n            <a href=\"http:\/\/kutasikossuthvt.hu\/wp-content\/gallery\/2020-kerites-1\/IMG_0757.JPG\"\n               title=\"\"\n               data-src=\"http:\/\/kutasikossuthvt.hu\/wp-content\/gallery\/2020-kerites-1\/IMG_0757.JPG\"\n               data-thumbnail=\"http:\/\/kutasikossuthvt.hu\/wp-content\/gallery\/2020-kerites-1\/thumbs\/thumbs_IMG_0757.JPG\"\n               data-image-id=\"73\"\n               data-title=\"IMG_0757\"\n               data-description=\"\"\n               data-image-slug=\"img_0757-2\"\n               class=\"ngg-fancybox\" rel=\"d2c8756edb7de57e12f81c996863f657\">\n                <img\n                    title=\"IMG_0757\"\n                    alt=\"IMG_0757\"\n                    src=\"http:\/\/kutasikossuthvt.hu\/wp-content\/gallery\/2020-kerites-1\/thumbs\/thumbs_IMG_0757.JPG\"\n                    width=\"240\"\n                    height=\"160\"\n                    style=\"max-width:100%;\"\n                \/>\n            <\/a>\n        <\/div>\n\t\t\t\t\t\t\t<\/div> \n\t\t\t\n        \n\t\t\t\t<div id=\"ngg-image-3\" class=\"ngg-gallery-thumbnail-box\" >\n\t\t\t\t        <div class=\"ngg-gallery-thumbnail\">\n            <a href=\"http:\/\/kutasikossuthvt.hu\/wp-content\/gallery\/2020-kerites-1\/IMG_0758.JPG\"\n               title=\"\"\n               data-src=\"http:\/\/kutasikossuthvt.hu\/wp-content\/gallery\/2020-kerites-1\/IMG_0758.JPG\"\n               data-thumbnail=\"http:\/\/kutasikossuthvt.hu\/wp-content\/gallery\/2020-kerites-1\/thumbs\/thumbs_IMG_0758.JPG\"\n               data-image-id=\"75\"\n               data-title=\"IMG_0758\"\n               data-description=\"\"\n               data-image-slug=\"img_0758-2\"\n               class=\"ngg-fancybox\" rel=\"d2c8756edb7de57e12f81c996863f657\">\n                <img\n                    title=\"IMG_0758\"\n                    alt=\"IMG_0758\"\n                    src=\"http:\/\/kutasikossuthvt.hu\/wp-content\/gallery\/2020-kerites-1\/thumbs\/thumbs_IMG_0758.JPG\"\n                    width=\"240\"\n                    height=\"160\"\n                    style=\"max-width:100%;\"\n                \/>\n            <\/a>\n        <\/div>\n\t\t\t\t\t\t\t<\/div> \n\t\t\t\n        \n\t\t\n\t\t<!-- Pagination -->\n\t<div class='ngg-clear'><\/div>\t<\/div>\n\n<h3>Die Troph\u00e4en der Gruppe vom 14.09.2017<\/h3>\n<h4>(Dasgr\u00f6\u00dfte Gewicht: 8,4kg)<\/h4>\n<!-- index.php -->\n<div\n\tclass=\"ngg-galleryoverview ngg-ajax-pagination-none\"\n\tid=\"ngg-gallery-bb8eb3c33751be1ad920ea8dbdde80b5-1\">\n\n    \t\t<!-- Thumbnails -->\n\t\t\t\t<div id=\"ngg-image-0\" class=\"ngg-gallery-thumbnail-box\" >\n\t\t\t\t        <div class=\"ngg-gallery-thumbnail\">\n            <a href=\"http:\/\/kutasikossuthvt.hu\/wp-content\/gallery\/csoport20170914\/IMG_6208.JPG\"\n               title=\"\"\n               data-src=\"http:\/\/kutasikossuthvt.hu\/wp-content\/gallery\/csoport20170914\/IMG_6208.JPG\"\n               data-thumbnail=\"http:\/\/kutasikossuthvt.hu\/wp-content\/gallery\/csoport20170914\/thumbs\/thumbs_IMG_6208.JPG\"\n               data-image-id=\"46\"\n               data-title=\"IMG_6208\"\n               data-description=\"\"\n               data-image-slug=\"img_6208\"\n               class=\"ngg-fancybox\" rel=\"bb8eb3c33751be1ad920ea8dbdde80b5\">\n                <img\n                    title=\"IMG_6208\"\n                    alt=\"IMG_6208\"\n                    src=\"http:\/\/kutasikossuthvt.hu\/wp-content\/gallery\/csoport20170914\/thumbs\/thumbs_IMG_6208.JPG\"\n                    width=\"240\"\n                    height=\"160\"\n                    style=\"max-width:100%;\"\n                \/>\n            <\/a>\n        <\/div>\n\t\t\t\t\t\t\t<\/div> \n\t\t\t\n        \n\t\t\t\t<div id=\"ngg-image-1\" class=\"ngg-gallery-thumbnail-box\" >\n\t\t\t\t        <div class=\"ngg-gallery-thumbnail\">\n            <a href=\"http:\/\/kutasikossuthvt.hu\/wp-content\/gallery\/csoport20170914\/IMG_6206.JPG\"\n               title=\"\"\n               data-src=\"http:\/\/kutasikossuthvt.hu\/wp-content\/gallery\/csoport20170914\/IMG_6206.JPG\"\n               data-thumbnail=\"http:\/\/kutasikossuthvt.hu\/wp-content\/gallery\/csoport20170914\/thumbs\/thumbs_IMG_6206.JPG\"\n               data-image-id=\"47\"\n               data-title=\"IMG_6206\"\n               data-description=\"\"\n               data-image-slug=\"img_6206\"\n               class=\"ngg-fancybox\" rel=\"bb8eb3c33751be1ad920ea8dbdde80b5\">\n                <img\n                    title=\"IMG_6206\"\n                    alt=\"IMG_6206\"\n                    src=\"http:\/\/kutasikossuthvt.hu\/wp-content\/gallery\/csoport20170914\/thumbs\/thumbs_IMG_6206.JPG\"\n                    width=\"240\"\n                    height=\"160\"\n                    style=\"max-width:100%;\"\n                \/>\n            <\/a>\n        <\/div>\n\t\t\t\t\t\t\t<\/div> \n\t\t\t\n        \n\t\t\n\t\t<!-- Pagination -->\n\t<div class='ngg-clear'><\/div>\t<\/div>\n\n<h3>Die Troph\u00e4en der Gruppe vom 20.09.2017<\/h3>\n<h4>(Dasgr\u00f6\u00dfte Gewicht: 10,1kg)<\/h4>\n<!-- index.php -->\n<div\n\tclass=\"ngg-galleryoverview ngg-ajax-pagination-none\"\n\tid=\"ngg-gallery-13cf87779618ca8cda4bda180f9c0ac7-1\">\n\n    \t\t<!-- Thumbnails -->\n\t\t\t\t<div id=\"ngg-image-0\" class=\"ngg-gallery-thumbnail-box\" >\n\t\t\t\t        <div class=\"ngg-gallery-thumbnail\">\n            <a href=\"http:\/\/kutasikossuthvt.hu\/wp-content\/gallery\/csoport20170920\/IMG_6249.JPG\"\n               title=\"\"\n               data-src=\"http:\/\/kutasikossuthvt.hu\/wp-content\/gallery\/csoport20170920\/IMG_6249.JPG\"\n               data-thumbnail=\"http:\/\/kutasikossuthvt.hu\/wp-content\/gallery\/csoport20170920\/thumbs\/thumbs_IMG_6249.JPG\"\n               data-image-id=\"48\"\n               data-title=\"IMG_6249\"\n               data-description=\"\"\n               data-image-slug=\"img_6249\"\n               class=\"ngg-fancybox\" rel=\"13cf87779618ca8cda4bda180f9c0ac7\">\n                <img\n                    title=\"IMG_6249\"\n                    alt=\"IMG_6249\"\n                    src=\"http:\/\/kutasikossuthvt.hu\/wp-content\/gallery\/csoport20170920\/thumbs\/thumbs_IMG_6249.JPG\"\n                    width=\"240\"\n                    height=\"160\"\n                    style=\"max-width:100%;\"\n                \/>\n            <\/a>\n        <\/div>\n\t\t\t\t\t\t\t<\/div> \n\t\t\t\n        \n\t\t\t\t<div id=\"ngg-image-1\" class=\"ngg-gallery-thumbnail-box\" >\n\t\t\t\t        <div class=\"ngg-gallery-thumbnail\">\n            <a href=\"http:\/\/kutasikossuthvt.hu\/wp-content\/gallery\/csoport20170920\/IMG_6251.JPG\"\n               title=\"\"\n               data-src=\"http:\/\/kutasikossuthvt.hu\/wp-content\/gallery\/csoport20170920\/IMG_6251.JPG\"\n               data-thumbnail=\"http:\/\/kutasikossuthvt.hu\/wp-content\/gallery\/csoport20170920\/thumbs\/thumbs_IMG_6251.JPG\"\n               data-image-id=\"49\"\n               data-title=\"IMG_6251\"\n               data-description=\"\"\n               data-image-slug=\"img_6251\"\n               class=\"ngg-fancybox\" rel=\"13cf87779618ca8cda4bda180f9c0ac7\">\n                <img\n                    title=\"IMG_6251\"\n                    alt=\"IMG_6251\"\n                    src=\"http:\/\/kutasikossuthvt.hu\/wp-content\/gallery\/csoport20170920\/thumbs\/thumbs_IMG_6251.JPG\"\n                    width=\"240\"\n                    height=\"160\"\n                    style=\"max-width:100%;\"\n                \/>\n            <\/a>\n        <\/div>\n\t\t\t\t\t\t\t<\/div> \n\t\t\t\n        \n\t\t\t\t<div id=\"ngg-image-2\" class=\"ngg-gallery-thumbnail-box\" >\n\t\t\t\t        <div class=\"ngg-gallery-thumbnail\">\n            <a href=\"http:\/\/kutasikossuthvt.hu\/wp-content\/gallery\/csoport20170920\/IMG_6252.JPG\"\n               title=\"\"\n               data-src=\"http:\/\/kutasikossuthvt.hu\/wp-content\/gallery\/csoport20170920\/IMG_6252.JPG\"\n               data-thumbnail=\"http:\/\/kutasikossuthvt.hu\/wp-content\/gallery\/csoport20170920\/thumbs\/thumbs_IMG_6252.JPG\"\n               data-image-id=\"50\"\n               data-title=\"IMG_6252\"\n               data-description=\"\"\n               data-image-slug=\"img_6252\"\n               class=\"ngg-fancybox\" rel=\"13cf87779618ca8cda4bda180f9c0ac7\">\n                <img\n                    title=\"IMG_6252\"\n                    alt=\"IMG_6252\"\n                    src=\"http:\/\/kutasikossuthvt.hu\/wp-content\/gallery\/csoport20170920\/thumbs\/thumbs_IMG_6252.JPG\"\n                    width=\"240\"\n                    height=\"160\"\n                    style=\"max-width:100%;\"\n                \/>\n            <\/a>\n        <\/div>\n\t\t\t\t\t\t\t<\/div> \n\t\t\t\n        \n\t\t\n\t\t<!-- Pagination -->\n\t<div class='ngg-clear'><\/div>\t<\/div>\n\n<h3>Andere bilder<\/h3>\n<p>[Not a valid template]<\/p>","protected":false},"excerpt":{"rendered":"<p>24. April 2022 (Deutscher Jagdgast erlegte ein 591 Gramm rekord Rehbock) 8. September 2021 (Cs\u00e1kszeg, Segesd) Neu gebauter Zaun und Ziertor Die Troph\u00e4en der Gruppe vom 14.09.2017 (Dasgr\u00f6\u00dfte Gewicht: 8,4kg) &#8220; order_by=&#8220;sortorder&#8220; order_direction=&#8220;ASC&#8220; returns=&#8220;included&#8220; maximum_entity_count=&#8220;500&#8243;] Die Troph\u00e4en der Gruppe vom 20.09.2017 (Dasgr\u00f6\u00dfte Gewicht: 10,1kg) &#8220; order_by=&#8220;sortorder&#8220; order_direction=&#8220;ASC&#8220; returns=&#8220;included&#8220; maximum_entity_count=&#8220;500&#8243;] Andere bilder &#8220; template=&#8220;\/var\/www\/clients\/client0\/web5\/web\/wp-content\/plugins\/nextgen-gallery\/products\/photocrati_nextgen\/modules\/ngglegacy\/view\/gallery.php&#8220; order_by=&#8220;sortorder&#8220; order_direction=&#8220;ASC&#8220; [&hellip;]<\/p>\n","protected":false},"author":3,"featured_media":0,"parent":0,"menu_order":0,"comment_status":"closed","ping_status":"closed","template":"page-fullwidth.php","meta":{"ngg_post_thumbnail":0},"_links":{"self":[{"href":"http:\/\/kutasikossuthvt.hu\/de\/wp-json\/wp\/v2\/pages\/69"}],"collection":[{"href":"http:\/\/kutasikossuthvt.hu\/de\/wp-json\/wp\/v2\/pages"}],"about":[{"href":"http:\/\/kutasikossuthvt.hu\/de\/wp-json\/wp\/v2\/types\/page"}],"author":[{"embeddable":true,"href":"http:\/\/kutasikossuthvt.hu\/de\/wp-json\/wp\/v2\/users\/3"}],"replies":[{"embeddable":true,"href":"http:\/\/kutasikossuthvt.hu\/de\/wp-json\/wp\/v2\/comments?post=69"}],"version-history":[{"count":54,"href":"http:\/\/kutasikossuthvt.hu\/de\/wp-json\/wp\/v2\/pages\/69\/revisions"}],"predecessor-version":[{"id":1011,"href":"http:\/\/kutasikossuthvt.hu\/de\/wp-json\/wp\/v2\/pages\/69\/revisions\/1011"}],"wp:attachment":[{"href":"http:\/\/kutasikossuthvt.hu\/de\/wp-json\/wp\/v2\/media?parent=69"}],"curies":[{"name":"wp","href":"https:\/\/api.w.org\/{rel}","templated":true}]}}