{"id":71,"date":"2017-07-26T11:33:32","date_gmt":"2017-07-26T09:33:32","guid":{"rendered":"http:\/\/localhost:8080\/?page_id=71"},"modified":"2025-10-03T09:45:12","modified_gmt":"2025-10-03T07:45:12","slug":"szolgaltatas","status":"publish","type":"page","link":"http:\/\/kutasikossuthvt.hu\/de\/szolgaltatas\/","title":{"rendered":"Service"},"content":{"rendered":"<p><\/p>\n<h1>Unterkunft, Verpflegung<\/h1>\n<p>Die Versorgung und Verpflegung ist im Kutas-Cser Wald, in einer sch\u00f6nen Umgebung im bequemen, erstklassigen Jagdhaus, mit einer eigenen K\u00fcche.<\/p>\n<h3>Unterkunft<\/h3>\n<p>Wir verf\u00fcgen \u00fcber 9 Zweibettzimmer und ein Viebettzimmer. Jedes Zimmer hat sein eigenes Bad, Tresor und Farbfernseher.<\/p>\n<ul>\n<li>Zweibettzimmer: 45 \u20ac\/Tag\/Person (+10 \u20ac Einzelzimmer Aufpreis)<\/li>\n<li>Vierbettzimmer: 35 \u20ac\/Tag\/Person<\/li>\n<\/ul>\n<h3>Sonstige Kosten<\/h3>\n<ul>\n<li>Fr\u00fchst\u00fcck: 15 \u20ac\/Tag\/Person<\/li>\n<li>Mittagessen: 25 \u20ac\/Tag\/Person<\/li>\n<li>Abendessen: 25 \u20ac\/Tag\/Person<\/li>\n<\/ul>\n<hr>\n<h1>Kontaktdaten f\u00fcr Jagdorganisierung<\/h1>\n<p>&nbsp;<\/p>\n<ul>\n<li>Tali\u00e1n B\u00e1lint Attila (ungarisch \/ english \/ deutsch)<br \/>\n&nbsp; &nbsp; &nbsp; President der Jagdgesellschaft<br \/>\n&nbsp; &nbsp; &nbsp; Telefon: +36 20 931 6617<br \/>\n&nbsp; &nbsp; &nbsp; E-mail: <a href=\"mailto:info@kutasikossuthvt.hu\">info@kutasikossuthvt.hu<\/a><\/li>\n<\/ul>\n<p>&nbsp;<\/p>\n<ul>\n<li>Horv\u00e1th Csaba (ungarisch)<br \/>\n&nbsp; &nbsp; &nbsp;&nbsp;Jagdgesellschafts Sekret\u00e4r<br \/>\n&nbsp; &nbsp; &nbsp; Telefon: +36 20 934 3742<br \/>\n&nbsp; &nbsp; &nbsp; E-mail: <a href=\"mailto:horvath.csaba@ferrokov.hu\">horvath.csaba@ferrokov.hu<\/a><\/li>\n<\/ul>\n<p>&nbsp;<\/p>\n<ul>\n<li>Kutas Csaba (ungarisch)<br \/>\n&nbsp; &nbsp; &nbsp;&nbsp;J\u00e4germeister<br \/>\n&nbsp; &nbsp; &nbsp; Telefon: +36 20 294 4383<br \/>\n&nbsp; &nbsp; &nbsp; E-mail: <a href=\"mailto:mezokert@latsat.hu\">mezokert@latsat.hu<\/a><\/li>\n<\/ul>\n<p>&nbsp;<\/p>\n<ul>\n<li>Csikv\u00e1ri Ivett (ungarisch \/ deutsch)<br \/>\n&nbsp; &nbsp; &nbsp; Telefon: +36 30 239 8265<br \/>\n&nbsp; &nbsp; &nbsp; E-mail: <a href=\"mailto:csikvari.ivett@ferrokov.hu\">csikvari.ivett@ferrokov.hu<\/a><\/li>\n<\/ul>\n<hr>\n<h1>Information zur Unterbringung<\/h1>\n<h4>Die Bewirtschaftung geschieht durch EKO-TUR Kft.<br \/>\n7562 Segesd, P\u00e1lmah\u00e1z u 14.<\/h4>\n<p>&nbsp;<\/p>\n<ul>\n<li>Tali\u00e1n B\u00e1lint (ungarisch \/ english \/ deutsch)<br \/>\n&nbsp; &nbsp; &nbsp;Gesch\u00e4ftsf\u00fchrender Direktor<br \/>\n&nbsp; &nbsp; &nbsp;Telefon: +36 20 931 6617<br \/>\n&nbsp; &nbsp; &nbsp; E-mail: <a href=\"mailto:info@kutasikossuthvt.hu\">info@kutasikossuthvt.hu<\/a><\/li>\n<\/ul>\n<p>&nbsp;<\/p>\n<ul>\n<li>Csikv\u00e1ri Ivett (ungarisch \/ deutsch)<br \/>\n&nbsp; &nbsp; &nbsp;Telefon: +36 30 239 8265<br \/>\n&nbsp; &nbsp; &nbsp; E-mail: <a href=\"mailto:csikvari.ivett@ferrokov.hu\">csikvari.ivett@ferrokov.hu<\/a><\/li>\n<\/ul>\n<h4>&nbsp;<\/h4>\n<h4>Die Dienstleistungen k\u00f6nnen nur vorab vereinbart in Anspruch genommen werden.<\/h4>\n<hr>\n<h1>Touristische M\u00f6glichkeiten in der N\u00e4he<\/h1>\n<h3>Angeln<\/h3>\n<ul>\n<li><a href=\"http:\/\/otoshars.hu\" target=\"_blank\" rel=\"noopener noreferrer\">Nagybajom V\u00e1rosi horg\u00e1szt\u00f3<\/a> (5 km)<\/li>\n<li><a href=\"http:\/\/otoshars.hu\" target=\"_blank\" rel=\"noopener noreferrer\">Kutasi v\u00edzt\u00e1roz\u00f3<\/a> (10 km)<\/li>\n<li><a href=\"http:\/\/www.arad-puszta.hu\" target=\"_blank\" rel=\"noopener noreferrer\">Aradi horg\u00e1szt\u00f3<\/a> (8 km)<\/li>\n<\/ul>\n<h3>Thermalbad<\/h3>\n<ul>\n<li><a href=\"http:\/\/www.marcali-furdo.hu\" target=\"_blank\" rel=\"noopener noreferrer\">Marcali V\u00e1rosi F\u00fcrd\u0151 \u00e9s Szabadid\u0151k\u00f6zpont<\/a> (20 km)<\/li>\n<li><a href=\"http:\/\/strand.nagyatad.hu\" target=\"_blank\" rel=\"noopener noreferrer\">Nagyat\u00e1di V\u00e1rosi Term\u00e1l Strandf\u00fcrd\u0151<\/a> (20 km)<\/li>\n<li><a href=\"http:\/\/www.furdo-zalakaros.hu\" target=\"_blank\" rel=\"noopener noreferrer\">Zalakarosi F\u00fcrd\u0151<\/a> (40 km)<\/li>\n<\/ul>\n<h3>Kleinbahn<\/h3>\n<ul>\n<li><a href=\"http:\/\/www.kaszort.hu\/erdogazdasag\/erdei-vasut-kisvasut-somogy\" target=\"_blank\" rel=\"noopener noreferrer\">Kasz\u00f3pusztai kisvas\u00fat<\/a> (20 km)<\/li>\n<li><a href=\"http:\/\/kisvasut.hu\/mesztegnyo\" target=\"_blank\" rel=\"noopener noreferrer\">Mesztegny\u0151i kisvas\u00fat<\/a> (10 km)<\/li>\n<\/ul>\n<p><\/p>","protected":false},"excerpt":{"rendered":"<p>Unterkunft, Verpflegung Die Versorgung und Verpflegung ist im Kutas-Cser Wald, in einer sch\u00f6nen Umgebung im bequemen, erstklassigen Jagdhaus, mit einer eigenen K\u00fcche. Unterkunft Wir verf\u00fcgen \u00fcber 9 Zweibettzimmer und ein Viebettzimmer. Jedes Zimmer hat sein eigenes Bad, Tresor und Farbfernseher. Zweibettzimmer: 45 \u20ac\/Tag\/Person (+10 \u20ac Einzelzimmer Aufpreis) Vierbettzimmer: 35 \u20ac\/Tag\/Person Sonstige Kosten Fr\u00fchst\u00fcck: 15 \u20ac\/Tag\/Person [&hellip;]<\/p>\n","protected":false},"author":3,"featured_media":0,"parent":0,"menu_order":0,"comment_status":"closed","ping_status":"closed","template":"","meta":{"ngg_post_thumbnail":0},"_links":{"self":[{"href":"http:\/\/kutasikossuthvt.hu\/de\/wp-json\/wp\/v2\/pages\/71"}],"collection":[{"href":"http:\/\/kutasikossuthvt.hu\/de\/wp-json\/wp\/v2\/pages"}],"about":[{"href":"http:\/\/kutasikossuthvt.hu\/de\/wp-json\/wp\/v2\/types\/page"}],"author":[{"embeddable":true,"href":"http:\/\/kutasikossuthvt.hu\/de\/wp-json\/wp\/v2\/users\/3"}],"replies":[{"embeddable":true,"href":"http:\/\/kutasikossuthvt.hu\/de\/wp-json\/wp\/v2\/comments?post=71"}],"version-history":[{"count":101,"href":"http:\/\/kutasikossuthvt.hu\/de\/wp-json\/wp\/v2\/pages\/71\/revisions"}],"predecessor-version":[{"id":1124,"href":"http:\/\/kutasikossuthvt.hu\/de\/wp-json\/wp\/v2\/pages\/71\/revisions\/1124"}],"wp:attachment":[{"href":"http:\/\/kutasikossuthvt.hu\/de\/wp-json\/wp\/v2\/media?parent=71"}],"curies":[{"name":"wp","href":"https:\/\/api.w.org\/{rel}","templated":true}]}}