{"id":73,"date":"2017-07-26T11:34:44","date_gmt":"2017-07-26T09:34:44","guid":{"rendered":"http:\/\/localhost:8080\/?page_id=73"},"modified":"2023-08-08T13:03:33","modified_gmt":"2023-08-08T11:03:33","slug":"vadaszatok","status":"publish","type":"page","link":"http:\/\/kutasikossuthvt.hu\/de\/vadaszatok\/","title":{"rendered":"Jagden"},"content":{"rendered":"<p><\/p>\n<h1>Lieber Jagdg\u00e4ste!<\/h1>\n<p>Herzlich wilkommen im Namen der Jagdgesellschaft Kutas \u00e9s Vid\u00e9ke Kossuth Vad\u00e1szt\u00e1rsas\u00e1g.<\/p>\n<p>Wir erhoffen uns, mit einer ergebnisvollen Jagd und der Versorgung, zu einer angenehmen Entspannung beitreten zu k\u00f6nnen.<\/p>\n<p>W\u00fcnschen eine ergebnisvolle Jagd!<\/p>\n<p style=\"text-align: justify;\"><strong>Mit freundlichen Gr\u00fcssen:<\/strong><\/p>\n<p>Kutas Csaba<br \/>\nJ\u00e4germeister<\/p>\n<p>Tali\u00e1n Attila<br \/>\nPresident der Jagdgesellschaft<\/p>\n<hr>\n<h2>Rotwildjagd<\/h2>\n<h3>Rothirsch<\/h3>\n<table class=\"table table-hover\">\n<thead><\/thead>\n<tbody>\n<tr>\n<td>\n<p style=\"text-align: center;\">Troph\u00e4e in Kg<\/p>\n<\/td>\n<td style=\"text-align: center;\">\u20ac<\/td>\n<td>\n<p style=\"text-align: center;\">\u20ac\/10 gramm<\/p>\n<\/td>\n<\/tr>\n<\/tbody>\n<tbody>\n<tr>\n<td>Spie\u00dfer<\/td>\n<td style=\"text-align: right;\">200,-<\/td>\n<td>&nbsp;<\/td>\n<\/tr>\n<tr>\n<td>2,99<\/td>\n<td style=\"text-align: right;\">600,-<\/td>\n<td>&nbsp;<\/td>\n<\/tr>\n<tr>\n<td>3,00-3,99<\/td>\n<td style=\"text-align: right;\">800,-<\/td>\n<td>&nbsp;<\/td>\n<\/tr>\n<tr>\n<td>4,00-4,99<\/td>\n<td style=\"text-align: right;\">1300,-<\/td>\n<td>&nbsp;<\/td>\n<\/tr>\n<tr>\n<td>5,00<\/td>\n<td style=\"text-align: right;\">1300,-<\/td>\n<td style=\"text-align: right;\">+5<\/td>\n<\/tr>\n<tr>\n<td>6,00<\/td>\n<td style=\"text-align: right;\">1800,-<\/td>\n<td style=\"text-align: right;\">+9<\/td>\n<\/tr>\n<tr>\n<td>7,00<\/td>\n<td style=\"text-align: right;\">2700,-<\/td>\n<td style=\"text-align: right;\">+11<\/td>\n<\/tr>\n<tr>\n<td>8,00<\/td>\n<td style=\"text-align: right;\">3800,-<\/td>\n<td style=\"text-align: right;\">+12<\/td>\n<\/tr>\n<tr>\n<td>9,00<\/td>\n<td style=\"text-align: right;\">5000,-<\/td>\n<td style=\"text-align: right;\">+20<\/td>\n<\/tr>\n<tr>\n<td>10,00<\/td>\n<td style=\"text-align: right;\">7000,-<\/td>\n<td style=\"text-align: right;\">+60<\/td>\n<\/tr>\n<tr>\n<td>10,50<\/td>\n<td style=\"text-align: right;\">10 000,-<\/td>\n<td style=\"text-align: right;\">+60<\/td>\n<\/tr>\n<\/tbody>\n<\/table>\n<div class=\"page\" title=\"Page 4\">\n<div class=\"layoutArea\">\n<div class=\"column\">\n<p>Die Messung der Troph\u00e4e wird, 24 h nach dem Auskochen des Gro\u00dfsch\u00e4dels und den Oberkiefer, von der offiziellen Kritik durchgef\u00fchrt.<br \/>\nVerwundung: zu zahlen sind 50 %, vom Jagdbegleiter gesch\u00e4tzten Gewichtes der Troph\u00e4e.<\/p>\n<\/div>\n<\/div>\n<\/div>\n<h3>Rottier, Schmaltier<\/h3>\n<table class=\"table table-hover\">\n<tbody>\n<tr>\n<td style=\"text-align: left;\">Ausschu\u00df<\/td>\n<td style=\"text-align: right;\">150 \u20ac<\/td>\n<\/tr>\n<tr>\n<td style=\"text-align: left;\">Anschu\u00df<\/td>\n<td style=\"text-align: right;\">75 \u20ac<\/td>\n<\/tr>\n<\/tbody>\n<\/table>\n<h3>Rotwildkalb<\/h3>\n<table class=\"table table-hover\">\n<tbody>\n<tr>\n<td style=\"text-align: left;\">Ausschu\u00df<\/td>\n<td style=\"text-align: right;\">120 \u20ac<\/td>\n<\/tr>\n<tr>\n<td style=\"text-align: left;\">Anschu\u00df<\/td>\n<td style=\"text-align: right;\">60 \u20ac<\/td>\n<\/tr>\n<\/tbody>\n<\/table>\n<p>&nbsp;<\/p>\n<hr>\n<h2>Damjagd<\/h2>\n<h3>Damhirsch<\/h3>\n<table class=\"table table-hover\">\n<thead><\/thead>\n<tbody>\n<tr>\n<td style=\"text-align: center;\">Troph\u00e4e in Kg<\/td>\n<td style=\"text-align: center;\">\u20ac<\/td>\n<td style=\"text-align: center;\">\u20ac\/10 gramm<\/td>\n<\/tr>\n<\/tbody>\n<tbody>\n<tr>\n<td style=\"text-align: left;\">1,99<\/td>\n<td style=\"text-align: right;\">300,-<\/td>\n<td>&nbsp;<\/td>\n<\/tr>\n<tr>\n<td>2,00-2,49<\/td>\n<td style=\"text-align: right;\">500,-<\/td>\n<td style=\"text-align: right;\">&nbsp;<\/td>\n<\/tr>\n<tr>\n<td style=\"text-align: left;\">2,50-2,99<\/td>\n<td style=\"text-align: right;\">800,-<\/td>\n<td style=\"text-align: right;\">+8<\/td>\n<\/tr>\n<tr>\n<td style=\"text-align: left;\">3,00<\/td>\n<td style=\"text-align: right;\">1200,-<\/td>\n<td style=\"text-align: right;\">+12<\/td>\n<\/tr>\n<tr>\n<td style=\"text-align: left;\">3,50<\/td>\n<td style=\"text-align: right;\">1800,-<\/td>\n<td style=\"text-align: right;\">+24<\/td>\n<\/tr>\n<tr>\n<td style=\"text-align: left;\">4,00<\/td>\n<td style=\"text-align: right;\">3000,-<\/td>\n<td style=\"text-align: right;\">+40<\/td>\n<\/tr>\n<tr>\n<td style=\"text-align: left;\">Anschu\u00df<\/td>\n<td style=\"text-align: right;\">50%<\/td>\n<td>&nbsp;<\/td>\n<\/tr>\n<\/tbody>\n<\/table>\n<p>Die Messung der Troph\u00e4e wird, 24 h nach dem Auskochen des Gro\u00dfsch\u00e4dels, von der offiziellen Kritik durchgef\u00fchrt.<br \/>\nVerwundung: zu zahlen sind 50 %, vom Jagdbegleiter gesch\u00e4tzten Gewichtes der Troph\u00e4e.<\/p>\n<h3>Damtier, Damschmaltier, Damkalb<\/h3>\n<table class=\"table table-hover\">\n<tbody>\n<tr>\n<td>Ausschu\u00df<\/td>\n<td>80&nbsp;\u20ac<\/td>\n<\/tr>\n<tr>\n<td>Anschu\u00df<\/td>\n<td>40&nbsp;\u20ac<\/td>\n<\/tr>\n<\/tbody>\n<\/table>\n<p>&nbsp;<\/p>\n<hr>\n<h2>Rehjagd<\/h2>\n<h3>Rehbock<\/h3>\n<table class=\"table table-hover\">\n<thead><\/thead>\n<tbody>\n<tr>\n<td>\n<p style=\"text-align: center;\">Troph\u00e4e in g<\/p>\n<\/td>\n<td style=\"text-align: center;\">\u20ac<\/td>\n<td>\n<p style=\"text-align: center;\">\u20ac\/1 gramm<\/p>\n<\/td>\n<\/tr>\n<\/tbody>\n<tbody>\n<tr>\n<td>199<\/td>\n<td style=\"text-align: right;\">150,-<\/td>\n<td>&nbsp;<\/td>\n<\/tr>\n<tr>\n<td>200-249<\/td>\n<td style=\"text-align: right;\">180,-<\/td>\n<td>&nbsp;<\/td>\n<\/tr>\n<tr>\n<td style=\"text-align: left;\">250-299<\/td>\n<td style=\"text-align: right;\">300,-<\/td>\n<td>&nbsp;<\/td>\n<\/tr>\n<tr>\n<td>300<\/td>\n<td style=\"text-align: right;\">360,-<\/td>\n<td style=\"text-align: right;\">+2,4<\/td>\n<\/tr>\n<tr>\n<td>350<\/td>\n<td style=\"text-align: right;\">500,-<\/td>\n<td style=\"text-align: right;\">+10<\/td>\n<\/tr>\n<tr>\n<td>400<\/td>\n<td style=\"text-align: right;\">1000,-<\/td>\n<td style=\"text-align: right;\">+20<\/td>\n<\/tr>\n<tr>\n<td>450<\/td>\n<td style=\"text-align: right;\">2000,-<\/td>\n<td style=\"text-align: right;\">+28<\/td>\n<\/tr>\n<tr>\n<td>500<\/td>\n<td style=\"text-align: right;\">3400,-<\/td>\n<td style=\"text-align: right;\">+30<\/td>\n<\/tr>\n<tr>\n<td>Anschu\u00df<\/td>\n<td style=\"text-align: right;\">50%<\/td>\n<td>&nbsp;<\/td>\n<\/tr>\n<\/tbody>\n<\/table>\n<p>Die Messung der Troph\u00e4e wird, 24 h nach dem Auskochen des Kleinsch\u00e4dels bei Bedarf auch mit Gro\u00dfsch\u00e4del, von der offiziellen Kritik durchgef\u00fchrt. (-90 Gr)<\/p>\n<h3>Ricke<\/h3>\n<table class=\"table table-hover\">\n<tbody>\n<tr>\n<td>Ausschu\u00df<\/td>\n<td style=\"text-align: right;\">45 \u20ac<\/td>\n<\/tr>\n<tr>\n<td>Anschu\u00df<\/td>\n<td style=\"text-align: right;\">20 \u20ac<\/td>\n<\/tr>\n<\/tbody>\n<\/table>\n<h3>Kitz<\/h3>\n<table class=\"table table-hover\">\n<tbody>\n<tr>\n<td>Ausschu\u00df<\/td>\n<td style=\"text-align: right;\">45 \u20ac<\/td>\n<\/tr>\n<tr>\n<td>Anschu\u00df<\/td>\n<td style=\"text-align: right;\">20 \u20ac<\/td>\n<\/tr>\n<\/tbody>\n<\/table>\n<hr>\n<h2>Wildschweinjagd<\/h2>\n<h3>Wildschwein<\/h3>\n<table class=\"table table-hover\">\n<tbody>\n<tr>\n<td>\n<p style=\"text-align: center;\">Keilerl\u00e4nge in cm<\/p>\n<\/td>\n<td style=\"text-align: center;\">\u20ac<\/td>\n<td>\n<p style=\"text-align: center;\">\u20ac\/mm<\/p>\n<\/td>\n<\/tr>\n<\/tbody>\n<thead><\/thead>\n<tbody>\n<tr>\n<td>12,00 &#8211; 13,99<\/td>\n<td style=\"text-align: right;\">500,-<\/td>\n<td>&nbsp;<\/td>\n<\/tr>\n<tr>\n<td>14,00 &#8211; 15,99<\/td>\n<td style=\"text-align: right;\">700,-<\/td>\n<td>&nbsp;<\/td>\n<\/tr>\n<tr>\n<td>16,00 &#8211; 17,99<\/td>\n<td style=\"text-align: right;\">900,-<\/td>\n<td>&nbsp;<\/td>\n<\/tr>\n<tr>\n<td>18,00 &#8211; 19,99<\/td>\n<td style=\"text-align: right;\">1200,-<\/td>\n<td>&nbsp;<\/td>\n<\/tr>\n<tr>\n<td>20,00<\/td>\n<td style=\"text-align: right;\">1800,-<\/td>\n<td style=\"text-align: right;\">+30<\/td>\n<\/tr>\n<\/tbody>\n<\/table>\n<p>Die Keilerl\u00e4nge wird mit dem Durchschnitt der Au\u00dfenbogen berechnet.<\/p>\n<h3>Bache, Keiler bis 12 cm<\/h3>\n<table class=\"table table-hover\">\n<tbody>\n<tr>\n<td>&nbsp;<\/td>\n<td>\n<p style=\"text-align: center;\">50-100 kg Aufgebrochen&nbsp;<\/p>\n<\/td>\n<td>\n<p style=\"text-align: center;\">\u00fcber 100 kg Aufgebrochen<\/p>\n<\/td>\n<\/tr>\n<\/tbody>\n<thead><\/thead>\n<tbody>\n<tr>\n<td>Ausschu\u00df<\/td>\n<td style=\"text-align: right;\">400 \u20ac<\/td>\n<td style=\"text-align: right;\">500 \u20ac<\/td>\n<\/tr>\n<tr>\n<td>Anschu\u00df<\/td>\n<td style=\"text-align: right;\">200 \u20ac<\/td>\n<td style=\"text-align: right;\">250 \u20ac<\/td>\n<\/tr>\n<\/tbody>\n<\/table>\n<h3>\u00dcberl\u00e4ufer<\/h3>\n<table class=\"table table-hover\">\n<tbody>\n<tr>\n<td>Ausschu\u00df<\/td>\n<td style=\"text-align: right;\">200 \u20ac<\/td>\n<\/tr>\n<tr>\n<td>Anschu\u00df<\/td>\n<td style=\"text-align: right;\">100 \u20ac<\/td>\n<\/tr>\n<\/tbody>\n<\/table>\n<h3>Frischling<\/h3>\n<table class=\"table table-hover\">\n<tbody>\n<tr>\n<td>Ausschu\u00df<\/td>\n<td style=\"text-align: right;\">80 \u20ac<\/td>\n<\/tr>\n<tr>\n<td>Anschu\u00df<\/td>\n<td style=\"text-align: right;\">40 \u20ac<\/td>\n<\/tr>\n<\/tbody>\n<\/table>\n<h4>Wildschwein und Treibjagd in Gruppen basierend auf einzelne Vereinbarung!<\/h4>\n<h3>Sonstige Kosten<\/h3>\n<ul>\n<li>Jagdkarte + Versicherung: 150 \u20ac\/Person<\/li>\n<li>Jagdkarte + Versicherung j\u00e4hrlich: 700 \u20ac\/Person<\/li>\n<li>Jagdbegleiter: 15 \u20ac\/Anlass<\/li>\n<li>Verwendung der Gel\u00e4nderwagen: 1,2\u20ac\/Km<\/li>\n<li>Troph\u00e4enkritik: 40 \u20ac<\/li>\n<li>Enth\u00e4utung: 20 \u20ac\/St<\/li>\n<li>Jagdorganisation: 100 \u20ac\/Person<\/li>\n<li>Wildfleisch Verkauf laut der ungarischen Preisliste<\/li>\n<\/ul>\n<p><\/p>","protected":false},"excerpt":{"rendered":"<p>Lieber Jagdg\u00e4ste! Herzlich wilkommen im Namen der Jagdgesellschaft Kutas \u00e9s Vid\u00e9ke Kossuth Vad\u00e1szt\u00e1rsas\u00e1g. Wir erhoffen uns, mit einer ergebnisvollen Jagd und der Versorgung, zu einer angenehmen Entspannung beitreten zu k\u00f6nnen. W\u00fcnschen eine ergebnisvolle Jagd! Mit freundlichen Gr\u00fcssen: Kutas Csaba J\u00e4germeister Tali\u00e1n Attila President der Jagdgesellschaft Rotwildjagd Rothirsch Troph\u00e4e in Kg \u20ac \u20ac\/10 gramm Spie\u00dfer 200,- [&hellip;]<\/p>\n","protected":false},"author":3,"featured_media":0,"parent":0,"menu_order":0,"comment_status":"closed","ping_status":"closed","template":"","meta":{"ngg_post_thumbnail":0},"_links":{"self":[{"href":"http:\/\/kutasikossuthvt.hu\/de\/wp-json\/wp\/v2\/pages\/73"}],"collection":[{"href":"http:\/\/kutasikossuthvt.hu\/de\/wp-json\/wp\/v2\/pages"}],"about":[{"href":"http:\/\/kutasikossuthvt.hu\/de\/wp-json\/wp\/v2\/types\/page"}],"author":[{"embeddable":true,"href":"http:\/\/kutasikossuthvt.hu\/de\/wp-json\/wp\/v2\/users\/3"}],"replies":[{"embeddable":true,"href":"http:\/\/kutasikossuthvt.hu\/de\/wp-json\/wp\/v2\/comments?post=73"}],"version-history":[{"count":133,"href":"http:\/\/kutasikossuthvt.hu\/de\/wp-json\/wp\/v2\/pages\/73\/revisions"}],"predecessor-version":[{"id":1087,"href":"http:\/\/kutasikossuthvt.hu\/de\/wp-json\/wp\/v2\/pages\/73\/revisions\/1087"}],"wp:attachment":[{"href":"http:\/\/kutasikossuthvt.hu\/de\/wp-json\/wp\/v2\/media?parent=73"}],"curies":[{"name":"wp","href":"https:\/\/api.w.org\/{rel}","templated":true}]}}