{"id":9,"date":"2017-03-23T08:46:40","date_gmt":"2017-03-23T08:46:40","guid":{"rendered":"http:\/\/localhost:8080\/?page_id=9"},"modified":"2025-10-03T09:41:32","modified_gmt":"2025-10-03T07:41:32","slug":"elerhetoseg","status":"publish","type":"page","link":"http:\/\/kutasikossuthvt.hu\/de\/elerhetoseg\/","title":{"rendered":"Kontaktdaten"},"content":{"rendered":"<p><\/p>\n<h3><strong>Kutasi \u00e9s Vid\u00e9ke &#8222;Kossuth&#8220; Vad\u00e1szt\u00e1rsas\u00e1g<\/strong><\/h3>\n<p>&nbsp;<\/p>\n<ul>\n<li><strong>Tali\u00e1n B\u00e1lint Attila (ungarisch \/ english&nbsp;\/ deutsch)<br \/>\n<\/strong>President der Jagdgesellschaft<br \/>\nTelefon: +36 20 931 6617<br \/>\nE-mail: <a href=\"mailto:info@kutasikossuthvt.hu\">info@kutasikossuthvt.hu<\/a><\/li>\n<\/ul>\n<p>&nbsp;<\/p>\n<ul>\n<li><strong>Horv\u00e1th Csaba (ungarisch)<\/strong><br \/>\nJagdgesellschafts Sekret\u00e4r<br \/>\nTelefon: +36 20 934 3742<br \/>\nE-mail: <a href=\"mailto:horvath.csaba@ferrokov.hu\">horvath.csaba@ferrokov.hu<\/a><\/li>\n<\/ul>\n<p>&nbsp;<\/p>\n<ul>\n<li><strong>Kutas Csaba (ungarisch)<br \/>\n<\/strong>J\u00e4germeister<br \/>\nTelefon: +36 20 294 4383<br \/>\nE-mail: <a href=\"mailto:mezokert@latsat.hu\">mezokert@latsat.hu<\/a><\/li>\n<\/ul>\n<p>&nbsp;<\/p>\n<ul>\n<li><strong>Csikv\u00e1ri Ivett (ungarisch \/ deutsch)<br \/>\n<\/strong>Telefon: +36 30 239 8265<br \/>\nE-mail: <a href=\"mailto:csikvari.ivett@ferrokov.hu\">csikvari.ivett@ferrokov.hu<\/a><\/li>\n<\/ul>\n<hr>\n<h3><strong>Eko-Tur Kft. 7562 Segesd, P\u00e1lmah\u00e1z u. 14.<\/strong><\/h3>\n<p>&nbsp;<\/p>\n<ul>\n<li><strong>Tali\u00e1n B\u00e1lint Attila (ungarisch \/ english \/ deutsch)<br \/>\n<\/strong>Gesch\u00e4ftsf\u00fchrender Direktor<br \/>\nTelefon: +36 20 931 6617<br \/>\nE-mail: <a href=\"mailto:info@kutasikossuthvt.hu\">info@kutasikossuthvt.hu<\/a><\/li>\n<\/ul>\n<p>&nbsp;<\/p>\n<ul>\n<li><strong>Csikv\u00e1ri Ivett (ungarisch \/ deutsch)<br \/>\n<\/strong>Telefon: +36 30 239 8265<br \/>\nE-mail: <a href=\"mailto:csikvari.ivett@ferrokov.hu\">csikvari.ivett@ferrokov.hu<\/a><\/li>\n<\/ul>\n<div class=\"page\" title=\"Page 10\">\n<div class=\"layoutArea\">\n<div class=\"column\">\n<hr>\n<div class=\"page\" title=\"Page 12\">\n<div class=\"layoutArea\">\n<div class=\"column\">\n<p>&nbsp;<\/p>\n<p>&nbsp;<\/p>\n<\/div>\n<\/div>\n<\/div>\n<\/div>\n<\/div>\n<\/div>\n<p><\/p>","protected":false},"excerpt":{"rendered":"<p>Kutasi \u00e9s Vid\u00e9ke &#8222;Kossuth&#8220; Vad\u00e1szt\u00e1rsas\u00e1g &nbsp; Tali\u00e1n B\u00e1lint Attila (ungarisch \/ english&nbsp;\/ deutsch) President der Jagdgesellschaft Telefon: +36 20 931 6617 E-mail: info@kutasikossuthvt.hu &nbsp; Horv\u00e1th Csaba (ungarisch) Jagdgesellschafts Sekret\u00e4r Telefon: +36 20 934 3742 E-mail: horvath.csaba@ferrokov.hu &nbsp; Kutas Csaba (ungarisch) J\u00e4germeister Telefon: +36 20 294 4383 E-mail: mezokert@latsat.hu &nbsp; Csikv\u00e1ri Ivett (ungarisch \/ deutsch) Telefon: [&hellip;]<\/p>\n","protected":false},"author":3,"featured_media":4,"parent":0,"menu_order":0,"comment_status":"closed","ping_status":"closed","template":"","meta":{"ngg_post_thumbnail":0},"_links":{"self":[{"href":"http:\/\/kutasikossuthvt.hu\/de\/wp-json\/wp\/v2\/pages\/9"}],"collection":[{"href":"http:\/\/kutasikossuthvt.hu\/de\/wp-json\/wp\/v2\/pages"}],"about":[{"href":"http:\/\/kutasikossuthvt.hu\/de\/wp-json\/wp\/v2\/types\/page"}],"author":[{"embeddable":true,"href":"http:\/\/kutasikossuthvt.hu\/de\/wp-json\/wp\/v2\/users\/3"}],"replies":[{"embeddable":true,"href":"http:\/\/kutasikossuthvt.hu\/de\/wp-json\/wp\/v2\/comments?post=9"}],"version-history":[{"count":66,"href":"http:\/\/kutasikossuthvt.hu\/de\/wp-json\/wp\/v2\/pages\/9\/revisions"}],"predecessor-version":[{"id":1121,"href":"http:\/\/kutasikossuthvt.hu\/de\/wp-json\/wp\/v2\/pages\/9\/revisions\/1121"}],"wp:featuredmedia":[{"embeddable":true,"href":"http:\/\/kutasikossuthvt.hu\/de\/wp-json\/wp\/v2\/media\/4"}],"wp:attachment":[{"href":"http:\/\/kutasikossuthvt.hu\/de\/wp-json\/wp\/v2\/media?parent=9"}],"curies":[{"name":"wp","href":"https:\/\/api.w.org\/{rel}","templated":true}]}}