{"id":7,"date":"2017-03-23T08:46:40","date_gmt":"2017-03-23T08:46:40","guid":{"rendered":"http:\/\/localhost:8080\/?page_id=7"},"modified":"2025-10-03T09:34:57","modified_gmt":"2025-10-03T07:34:57","slug":"kezdolap","status":"publish","type":"page","link":"http:\/\/kutasikossuthvt.hu\/en\/","title":{"rendered":"Home"},"content":{"rendered":"<p><\/p>\n<h1>Dear website visitor!<\/h1>\n<p>Hunting friend\u2019s welcome for our old hunting guests from hungary and from other countries as well. We also greet our prospective hunting guests, Who will join us for a very comfortable and succesful hunting after visiting this website.<\/p>\n<p>Our company doing this hunting business for more than 50 years on this 10.277,5 hectare territory. The number of members in our hunting company is reached the 65 persons in the last years. After the last 10 years of hunting cycle our company succesfuly extended it\u2019s hunting contract with the land owners for more 20 years. The territory is operated by 1 hunting master and 3 profesional hunters. After visiting our website we hope that, a lot of new customer will get spirit for a hunting expirience in Hungary and in Somogy County, for a big game hunt. We believe that, on this beautyful \u201eSomogyi\u201d counryside you will get a hunting expirience which is containing very good, home made meal in hungarian style and a very good guest service. We are sure it will call you back in the upcoming years!<\/p>\n<p><img loading=\"lazy\" class=\"aligncenter wp-image-139\" src=\"http:\/\/teszt.kutasikossuthvt.hu\/wp-content\/uploads\/2017\/03\/K\u00e9perny\u0151fot\u00f3-2017-07-31-16.08.10.png\" alt=\"Vad\u00e1szh\u00e1z.png\" width=\"450\" height=\"299\" srcset=\"http:\/\/kutasikossuthvt.hu\/wp-content\/uploads\/2017\/03\/K\u00e9perny\u0151fot\u00f3-2017-07-31-16.08.10.png 814w, http:\/\/kutasikossuthvt.hu\/wp-content\/uploads\/2017\/03\/K\u00e9perny\u0151fot\u00f3-2017-07-31-16.08.10-300x199.png 300w, http:\/\/kutasikossuthvt.hu\/wp-content\/uploads\/2017\/03\/K\u00e9perny\u0151fot\u00f3-2017-07-31-16.08.10-768x510.png 768w\" sizes=\"(max-width: 450px) 100vw, 450px\" \/><\/p>\n<p>We are looking forward to requests for quotations.<\/p>\n<p>With Hunting Friend\u2019s greetings:<\/p>\n<p><strong>B\u00e1lint<\/strong><strong> Tali\u00e1n<\/strong><br \/>\nHunting Company President- CEO<\/p>","protected":false},"excerpt":{"rendered":"<p>Dear website visitor! Hunting friend\u2019s welcome for our old hunting guests from hungary and from other countries as well. We also greet our prospective hunting guests, Who will join us for a very comfortable and succesful hunting after visiting this website. Our company doing this hunting business for more than 50 years on this 10.277,5 [&hellip;]<\/p>\n","protected":false},"author":3,"featured_media":139,"parent":0,"menu_order":0,"comment_status":"closed","ping_status":"closed","template":"","meta":{"ngg_post_thumbnail":0},"_links":{"self":[{"href":"http:\/\/kutasikossuthvt.hu\/en\/wp-json\/wp\/v2\/pages\/7"}],"collection":[{"href":"http:\/\/kutasikossuthvt.hu\/en\/wp-json\/wp\/v2\/pages"}],"about":[{"href":"http:\/\/kutasikossuthvt.hu\/en\/wp-json\/wp\/v2\/types\/page"}],"author":[{"embeddable":true,"href":"http:\/\/kutasikossuthvt.hu\/en\/wp-json\/wp\/v2\/users\/3"}],"replies":[{"embeddable":true,"href":"http:\/\/kutasikossuthvt.hu\/en\/wp-json\/wp\/v2\/comments?post=7"}],"version-history":[{"count":32,"href":"http:\/\/kutasikossuthvt.hu\/en\/wp-json\/wp\/v2\/pages\/7\/revisions"}],"predecessor-version":[{"id":1112,"href":"http:\/\/kutasikossuthvt.hu\/en\/wp-json\/wp\/v2\/pages\/7\/revisions\/1112"}],"wp:featuredmedia":[{"embeddable":true,"href":"http:\/\/kutasikossuthvt.hu\/en\/wp-json\/wp\/v2\/media\/139"}],"wp:attachment":[{"href":"http:\/\/kutasikossuthvt.hu\/en\/wp-json\/wp\/v2\/media?parent=7"}],"curies":[{"name":"wp","href":"https:\/\/api.w.org\/{rel}","templated":true}]}}