{"id":7,"date":"2017-03-23T08:46:40","date_gmt":"2017-03-23T08:46:40","guid":{"rendered":"http:\/\/localhost:8080\/?page_id=7"},"modified":"2025-10-03T09:34:57","modified_gmt":"2025-10-03T07:34:57","slug":"kezdolap","status":"publish","type":"page","link":"https:\/\/kutasikossuthvt.hu\/de\/","title":{"rendered":"Sehr geehrte Webseit Besucher!"},"content":{"rendered":"<p>Liebe Gr\u00fc\u00dfe an die zuk\u00fcnftige G\u00e4ste, deren Interesse unsere Webseit geweckt hat.<\/p>\n<p>Unsere Gesellschaft jagd seit \u00fcber 50 Jahren auf diesen 10.277,5 ha Revier in einer Mietform. Die Zahl unserer Mitglieder stieg in den letzten Jahren auf 65 Mitglieder. Nach den letzten 10 j\u00e4hrigen Jagdzyklus haben wir ab den 01.03.2017 einen neuen Vertrag, f\u00fcr die n\u00e4chsten 20 Jahren, mit der Grundbesitzer Gemeinschaft geschlo\u00dfen. Das Revier wird von ein J\u00e4germeister und drei qualifizierte Berufsj\u00e4gern geleitet und gepflegt.&nbsp;<\/p>\n<p>Mit dieser Webseit erhoffen wir die Interessen f\u00fcr eine Gro\u00dfwildjagd im Ungarischen, Landkreis Somogy geweckt zu haben. Wir verlassen uns auf ein Jagderlebnis in einer wundersch\u00f6nen Landschaft mit hervoragende, ungarische Kost und Versorgung, dass unsere G\u00e4ste auch in den kommenden Jahren wieder hierher lockt.<\/p>\n<p><img loading=\"lazy\" class=\"aligncenter wp-image-139\" src=\"http:\/\/teszt.kutasikossuthvt.hu\/wp-content\/uploads\/2017\/03\/K\u00e9perny\u0151fot\u00f3-2017-07-31-16.08.10-300x199.png\" alt=\"Vad\u00e1szh\u00e1z.png\" width=\"450\" height=\"299\" srcset=\"https:\/\/kutasikossuthvt.hu\/wp-content\/uploads\/2017\/03\/K\u00e9perny\u0151fot\u00f3-2017-07-31-16.08.10-300x199.png 300w, https:\/\/kutasikossuthvt.hu\/wp-content\/uploads\/2017\/03\/K\u00e9perny\u0151fot\u00f3-2017-07-31-16.08.10-768x510.png 768w, https:\/\/kutasikossuthvt.hu\/wp-content\/uploads\/2017\/03\/K\u00e9perny\u0151fot\u00f3-2017-07-31-16.08.10.png 814w\" sizes=\"(max-width: 450px) 100vw, 450px\" \/><\/p>\n<p>Wir freuen uns \u00fcber Ihre Interesse und stehen Ihnen gerne unter den unten stehenden Kontakten zur Verf\u00fcgung.<\/p>\n<p>Waidmannsheil:<\/p>\n<p><strong>Tali\u00e1n B\u00e1lint Attila<\/strong><br \/>\nPresident der Jagdgesellschaft<\/p>","protected":false},"excerpt":{"rendered":"<p>Liebe Gr\u00fc\u00dfe an die zuk\u00fcnftige G\u00e4ste, deren Interesse unsere Webseit geweckt hat. Unsere Gesellschaft jagd seit \u00fcber 50 Jahren auf diesen 10.277,5 ha Revier in einer Mietform. Die Zahl unserer Mitglieder stieg in den letzten Jahren auf 65 Mitglieder. Nach den letzten 10 j\u00e4hrigen Jagdzyklus haben wir ab den 01.03.2017 einen neuen Vertrag, f\u00fcr die [&hellip;]<\/p>\n","protected":false},"author":3,"featured_media":139,"parent":0,"menu_order":0,"comment_status":"closed","ping_status":"closed","template":"","meta":{"ngg_post_thumbnail":0},"_links":{"self":[{"href":"https:\/\/kutasikossuthvt.hu\/de\/wp-json\/wp\/v2\/pages\/7"}],"collection":[{"href":"https:\/\/kutasikossuthvt.hu\/de\/wp-json\/wp\/v2\/pages"}],"about":[{"href":"https:\/\/kutasikossuthvt.hu\/de\/wp-json\/wp\/v2\/types\/page"}],"author":[{"embeddable":true,"href":"https:\/\/kutasikossuthvt.hu\/de\/wp-json\/wp\/v2\/users\/3"}],"replies":[{"embeddable":true,"href":"https:\/\/kutasikossuthvt.hu\/de\/wp-json\/wp\/v2\/comments?post=7"}],"version-history":[{"count":35,"href":"https:\/\/kutasikossuthvt.hu\/de\/wp-json\/wp\/v2\/pages\/7\/revisions"}],"predecessor-version":[{"id":1112,"href":"https:\/\/kutasikossuthvt.hu\/de\/wp-json\/wp\/v2\/pages\/7\/revisions\/1112"}],"wp:featuredmedia":[{"embeddable":true,"href":"https:\/\/kutasikossuthvt.hu\/de\/wp-json\/wp\/v2\/media\/139"}],"wp:attachment":[{"href":"https:\/\/kutasikossuthvt.hu\/de\/wp-json\/wp\/v2\/media?parent=7"}],"curies":[{"name":"wp","href":"https:\/\/api.w.org\/{rel}","templated":true}]}}